{"id":741,"date":"2023-11-14T12:41:50","date_gmt":"2023-11-14T10:41:50","guid":{"rendered":"https:\/\/fewo-hh-schanze.de\/?page_id=741"},"modified":"2025-09-12T13:20:10","modified_gmt":"2025-09-12T11:20:10","slug":"hausordnung-und-bedienungsanleitungen-deutsch","status":"publish","type":"page","link":"https:\/\/fewo-hh-schanze.de\/?page_id=741","title":{"rendered":"Hausordnung und Bedienungsanleitungen"},"content":{"rendered":"\n<p>Auf dieser Seite haben wir Infos rund um die Bedienung der technischen Ger\u00e4te aufgelistet, die Deinen Aufenthalt einfacher machen sollen:<\/p>\n\n\n\n<p>(Vor-)<strong>Anreise<\/strong>\/ Koffer abstellen<br>Die Wohnung ist am Anreisetag ab 17 Uhr zu beziehen. <br>Falls Du vorher schon Deine Koffer reinstellen m\u00f6chtest, kannst Du das mit uns gerne abstimmen.<br>in der Regel geht das mit dem Code schon ab 12 Uhr. Allerdings ben\u00f6tigt das Putzteam Zeit alleine, um ungest\u00f6rt die Wohnung vorzubereiten.<\/p>\n\n\n\n<p><strong>Haust\u00fcr mit dem T\u00fcrencode \u00f6ffnen:<\/strong><br>Die Wohnung ist mit einem T\u00fcrencode-Schloss ausger\u00fcstet. Deinen pers\u00f6nlichen Code solltest Du nach Deiner Buchung erhalten haben. <br>So gelangen Du bequem &#8211; auch ohne unsere Hilfe &#8211; 24 Std. in die Wohnung. <br>(1) Einfach auf die wei\u00dfe Tastatur an der Wohnungst\u00fcr klopfen (wirklich deutlich klopfen bis der Bildschirm aufleuchtet \u2013 er hat einen Ersch\u00fctterungssensor)<br><img loading=\"lazy\" decoding=\"async\" width=\"150\" height=\"200\" class=\"wp-image-818\" style=\"width: 150px;\" src=\"https:\/\/fewo-hh-schanze.de\/wp-content\/uploads\/2024\/06\/Fewo-Lindenallee-2024-1.jpeg\" alt=\"Tastatur\" srcset=\"https:\/\/fewo-hh-schanze.de\/wp-content\/uploads\/2024\/06\/Fewo-Lindenallee-2024-1.jpeg 1280w, https:\/\/fewo-hh-schanze.de\/wp-content\/uploads\/2024\/06\/Fewo-Lindenallee-2024-1-225x300.jpeg 225w, https:\/\/fewo-hh-schanze.de\/wp-content\/uploads\/2024\/06\/Fewo-Lindenallee-2024-1-768x1024.jpeg 768w, https:\/\/fewo-hh-schanze.de\/wp-content\/uploads\/2024\/06\/Fewo-Lindenallee-2024-1-1152x1536.jpeg 1152w\" sizes=\"auto, (max-width: 150px) 100vw, 150px\" \/><br>(2) Erst dann den Code eingeben (Siehe Email).<br><img loading=\"lazy\" decoding=\"async\" width=\"150\" height=\"200\" class=\"wp-image-819\" style=\"width: 150px;\" src=\"https:\/\/fewo-hh-schanze.de\/wp-content\/uploads\/2024\/06\/Fewo-Lindenallee-2024-2.jpeg\" alt=\"\" srcset=\"https:\/\/fewo-hh-schanze.de\/wp-content\/uploads\/2024\/06\/Fewo-Lindenallee-2024-2.jpeg 1280w, https:\/\/fewo-hh-schanze.de\/wp-content\/uploads\/2024\/06\/Fewo-Lindenallee-2024-2-225x300.jpeg 225w, https:\/\/fewo-hh-schanze.de\/wp-content\/uploads\/2024\/06\/Fewo-Lindenallee-2024-2-768x1024.jpeg 768w, https:\/\/fewo-hh-schanze.de\/wp-content\/uploads\/2024\/06\/Fewo-Lindenallee-2024-2-1152x1536.jpeg 1152w\" sizes=\"auto, (max-width: 150px) 100vw, 150px\" \/><br>(3) und zuletzt \u201eT\u00fcr-auf-Symbol\u201c dr\u00fccken und die T\u00fcr wird von Innen mit dem Motor aufgeschlossen.<br><img loading=\"lazy\" decoding=\"async\" width=\"150\" height=\"200\" class=\"wp-image-820\" style=\"width: 150px;\" src=\"https:\/\/fewo-hh-schanze.de\/wp-content\/uploads\/2024\/06\/Fewo-Lindenallee-2024-3.jpeg\" alt=\"\" srcset=\"https:\/\/fewo-hh-schanze.de\/wp-content\/uploads\/2024\/06\/Fewo-Lindenallee-2024-3.jpeg 1280w, https:\/\/fewo-hh-schanze.de\/wp-content\/uploads\/2024\/06\/Fewo-Lindenallee-2024-3-225x300.jpeg 225w, https:\/\/fewo-hh-schanze.de\/wp-content\/uploads\/2024\/06\/Fewo-Lindenallee-2024-3-768x1024.jpeg 768w, https:\/\/fewo-hh-schanze.de\/wp-content\/uploads\/2024\/06\/Fewo-Lindenallee-2024-3-1152x1536.jpeg 1152w\" sizes=\"auto, (max-width: 150px) 100vw, 150px\" \/><\/p>\n\n\n\n<p><strong>2 Schl\u00fcssel<\/strong> (Wohnungst\u00fcr, Stellplatz)&#8230;<br><img loading=\"lazy\" decoding=\"async\" width=\"150\" height=\"113\" class=\"wp-image-828\" style=\"width: 150px;\" src=\"https:\/\/fewo-hh-schanze.de\/wp-content\/uploads\/2024\/06\/Fewo-Lindenallee-2024-11.jpeg\" alt=\"\" srcset=\"https:\/\/fewo-hh-schanze.de\/wp-content\/uploads\/2024\/06\/Fewo-Lindenallee-2024-11.jpeg 1280w, https:\/\/fewo-hh-schanze.de\/wp-content\/uploads\/2024\/06\/Fewo-Lindenallee-2024-11-300x225.jpeg 300w, https:\/\/fewo-hh-schanze.de\/wp-content\/uploads\/2024\/06\/Fewo-Lindenallee-2024-11-845x634.jpeg 845w, https:\/\/fewo-hh-schanze.de\/wp-content\/uploads\/2024\/06\/Fewo-Lindenallee-2024-11-768x576.jpeg 768w\" sizes=\"auto, (max-width: 150px) 100vw, 150px\" \/><br>&#8230; findest Du auf dem gro\u00dfen Tisch im Wohnzimmer. F\u00fcr die Wohnung ben\u00f6tigst Du eigentlich keinen Schl\u00fcssel, finden aber zur Sicherheit auf den Tisch einen Schl\u00fcsselanh\u00e4nger mit einen gro\u00dfen (1)<strong> Schl\u00fcssel <\/strong>f\u00fcr das Wohnungst\u00fcrschloss, falls mal die Elektrik (Batterien) versagen sollte. Au\u00dferdem ist noch ein zweiter Schl\u00fcssel dran f\u00fcr den (2) Parkplatz Nr. 8 im Hof. Bitte beachte: Alle Schl\u00fcssel sind sehr wertvoll, denn es sind <strong>Zentralschl\u00fcssel<\/strong>, die Du bitte nicht verlieren solltest, da sonst alle Schl\u00f6sser im Haus (auf Deine Kosten) ausgetauscht werden m\u00fcssten und das kann sehr teuer werden.<\/p>\n\n\n\n<p><strong>Parkplatz f\u00fcr ein Auto:<\/strong><br><img loading=\"lazy\" decoding=\"async\" width=\"150\" height=\"113\" class=\"wp-image-822\" style=\"width: 150px;\" src=\"https:\/\/fewo-hh-schanze.de\/wp-content\/uploads\/2024\/06\/Fewo-Lindenallee-2024-5.jpeg\" alt=\"\" srcset=\"https:\/\/fewo-hh-schanze.de\/wp-content\/uploads\/2024\/06\/Fewo-Lindenallee-2024-5.jpeg 1280w, https:\/\/fewo-hh-schanze.de\/wp-content\/uploads\/2024\/06\/Fewo-Lindenallee-2024-5-300x225.jpeg 300w, https:\/\/fewo-hh-schanze.de\/wp-content\/uploads\/2024\/06\/Fewo-Lindenallee-2024-5-845x634.jpeg 845w, https:\/\/fewo-hh-schanze.de\/wp-content\/uploads\/2024\/06\/Fewo-Lindenallee-2024-5-768x576.jpeg 768w\" sizes=\"auto, (max-width: 150px) 100vw, 150px\" \/><br>Drinnen in der Wohnung findest Du auf dem Tisch den Schl\u00fcssel f\u00fcr das Tor. Fahre mit dem Schl\u00fcssel 150 m weiter bis zum Haus Nr. 22 und \u00f6ffnen damit das Gittertor. Das Tor hat 2,30 m H\u00f6he und ist 3,00m breit. Dann kannst Du Dein Auto auf dem Stellplatz Nr. 8 (rechts hinten) abstellen. Bitte das Tor beim Herausgehen immer abschlie\u00dfen. Einen weiteren Stellplatz haben wir leider nicht, aber man kann sein 2. Auto in der Gegend parken und ca. 12 Euro Parkgeb\u00fchr per easypark-App oder beim Automaten bezahlen bzw. einen Parkplatz in der N\u00e4he der Bahnh\u00f6fe (Sternchanze) aufsuchen.<\/p>\n\n\n\n<p><strong>Garten<\/strong> &amp; die lieben Nachbarn&#8230; &amp; Ruhezeiten beachten<br><img loading=\"lazy\" decoding=\"async\" width=\"150\" height=\"84\" class=\"wp-image-420\" style=\"width: 150px;\" src=\"https:\/\/fewo-hh-schanze.de\/wp-content\/uploads\/2019\/08\/20150725_124106_2048_Park_.jpg\" alt=\"\" srcset=\"https:\/\/fewo-hh-schanze.de\/wp-content\/uploads\/2019\/08\/20150725_124106_2048_Park_.jpg 3200w, https:\/\/fewo-hh-schanze.de\/wp-content\/uploads\/2019\/08\/20150725_124106_2048_Park_-300x169.jpg 300w, https:\/\/fewo-hh-schanze.de\/wp-content\/uploads\/2019\/08\/20150725_124106_2048_Park_-768x432.jpg 768w, https:\/\/fewo-hh-schanze.de\/wp-content\/uploads\/2019\/08\/20150725_124106_2048_Park_-845x475.jpg 845w, https:\/\/fewo-hh-schanze.de\/wp-content\/uploads\/2019\/08\/20150725_124106_2048_Park_-600x330.jpg 600w\" sizes=\"auto, (max-width: 150px) 100vw, 150px\" \/><br>Du kannst den 150qm gro\u00dfen privaten Garten mit direktem Parkzugang ganz alleine f\u00fcr Dich nutzen.<\/p>\n\n\n\n<p>Bitte beachte die folgenden Regeln: Ab <strong>22 Uhr<\/strong> bitte wegen der Nachbarn die <strong>Nachtruhe<\/strong> drau\u00dfen und auch in der Wohnung einhalten. Feiern, Gr\u00f6len und Schreien ist nicht erlaubt. Du kannst gerne zum Gr\u00f6len in den Keller gehen. Wegen der 1m breiten W\u00e4nde wird dich niemand h\u00f6ren ;-D<\/p>\n\n\n\n<p><strong>Rauchen<\/strong> ist in der Wohnung absolut <strong>verboten<\/strong>, aber <strong>in der Hollywood-Schaukel erlaubt<\/strong> \u2013 achte bitte darauf, dass der Rauch nicht in die Fenster der Nachbarn zieht. Wer in der Wohnung raucht, muss die Extra Reinigung mit einem OZON-Ger\u00e4t zahlen (ca. 200 Euro).<\/p>\n\n\n\n<p>Grillen mit dem Gasgrill ist auf eigene Gefahr erlaubt. Auch hierbei nimm bitte R\u00fccksicht auf die Nachbarn und achten auf den Rauch, dass dieser nicht in die Fenster der Nachbarn zieht. Sollte das Gas alle sein, kannst Du die Flasche an einer Tankstelle oder im Baumarkt austauschen bzw. uns Bescheid geben. <\/p>\n\n\n\n<p><strong>Hausschuhe\/Socken<\/strong><br>Bitte benutze die <strong>Wohnung nur in Hausschuhen oder auf Socken<\/strong>, um den empfindlichen, teilweise antiken Holzdielenfu\u00dfboden zu schonen. <br>Auch der Natursteinboden im Untergeschoss ist sehr wertvoll und empfindlich. Hausschuhe stellen wir Dir im Eingangsbereich (Schrank) zur Verf\u00fcgung.<\/p>\n\n\n\n<p><strong>Kamin<\/strong><br><img loading=\"lazy\" decoding=\"async\" width=\"150\" height=\"267\" class=\"wp-image-422\" style=\"width: 150px;\" src=\"https:\/\/fewo-hh-schanze.de\/wp-content\/uploads\/2019\/08\/Kamin-mit-Feuer-und-Holz1_2048_Park_.jpg\" alt=\"\" srcset=\"https:\/\/fewo-hh-schanze.de\/wp-content\/uploads\/2019\/08\/Kamin-mit-Feuer-und-Holz1_2048_Park_.jpg 1800w, https:\/\/fewo-hh-schanze.de\/wp-content\/uploads\/2019\/08\/Kamin-mit-Feuer-und-Holz1_2048_Park_-169x300.jpg 169w, https:\/\/fewo-hh-schanze.de\/wp-content\/uploads\/2019\/08\/Kamin-mit-Feuer-und-Holz1_2048_Park_-768x1365.jpg 768w, https:\/\/fewo-hh-schanze.de\/wp-content\/uploads\/2019\/08\/Kamin-mit-Feuer-und-Holz1_2048_Park_-576x1024.jpg 576w\" sizes=\"auto, (max-width: 150px) 100vw, 150px\" \/><br>Wenn Du den <strong>Kamin<\/strong> nutzen m\u00f6chten, achte bitte auf ausreichend Frischluft (also regelm\u00e4\u00dfig Fenster \u00f6ffnen) und dass sich keine brennbaren Gegenst\u00e4nde in der N\u00e4he des Kamins befinden. Der Kohlenmonoxid-Warner schl\u00e4gt bei zu hohen Werten an. Sp\u00e4testens dann solltest du die Fenster weit aufmachen. Verwende nur trockenes Holz aus dem Baumarkt bzw. von der Tankstelle und ersetze der verwendete Holz, das wir Dir zur Verf\u00fcgung stellen. Du findest weitere Holzs\u00e4cke beim Gartenhaus. Doch beachte, dass sich dort Insekten (Spinnen) einnisten k\u00f6nnen. Am besten nimmst Du nicht die S\u00e4cke in die Wohnung, sondern ein paar lose Holzscheite.<br>Hier findest du bei Youtube eine Anleitung zum Anfeuern des Ofens: <br><a href=\"https:\/\/www.youtube.com\/watch?v=Xv33gS3wk88\" target=\"_blank\" rel=\"noreferrer noopener\">https:\/\/www.youtube.com\/watch?v=Xv33gS3wk88<\/a><\/p>\n\n\n\n<p><strong>Sauna<br><\/strong>Apropo Feuer&#8230; die <strong>Sauna<\/strong> kannst Du gerne und auf eigene Gefahr und Risiko verwenden, indem Du immer Handt\u00fccher unterlegst, damit kein Schwei\u00df auf das Holz tropft. Den Saunaofen stellst Du an den Drehr\u00e4der an (Oben = Zeitschalter inkl. Vorwahl von 4 Stunden; unteres Rad = Temperatur)<br><img loading=\"lazy\" decoding=\"async\" width=\"150\" height=\"100\" class=\"wp-image-416\" style=\"width: 150px;\" src=\"https:\/\/fewo-hh-schanze.de\/wp-content\/uploads\/2019\/08\/FeWo_Elling_HH-Schanze-2015-\u2013-15_2048_.jpg\" alt=\"\" srcset=\"https:\/\/fewo-hh-schanze.de\/wp-content\/uploads\/2019\/08\/FeWo_Elling_HH-Schanze-2015-\u2013-15_2048_.jpg 2397w, https:\/\/fewo-hh-schanze.de\/wp-content\/uploads\/2019\/08\/FeWo_Elling_HH-Schanze-2015-\u2013-15_2048_-300x200.jpg 300w, https:\/\/fewo-hh-schanze.de\/wp-content\/uploads\/2019\/08\/FeWo_Elling_HH-Schanze-2015-\u2013-15_2048_-768x513.jpg 768w, https:\/\/fewo-hh-schanze.de\/wp-content\/uploads\/2019\/08\/FeWo_Elling_HH-Schanze-2015-\u2013-15_2048_-845x564.jpg 845w\" sizes=\"auto, (max-width: 150px) 100vw, 150px\" \/><\/p>\n\n\n\n<p>Sauna-D\u00fcfte sowie Handt\u00fccher liegen bereit.<br>Bitte die T\u00fcren der Sauna und des Bades nach Benutzung der Sauna zum Entl\u00fcften ge\u00f6ffnet lassen und den Ofen aus machen.<br><a href=\"https:\/\/www.saunapark-siebengebirge.de\/sauna-tipps-fuer-anfaenger\/\">Weitere Saunaregeln f\u00fcr die Gesundheit:<\/a><\/p>\n\n\n\n<p>Gratis &#8211; <strong>WLAN-elling-fewo-gast<\/strong><br>(bis zu 1000 Mbit\/s) kannst Du mit dem Passwort (Fewo#2021) kostenfrei nutzen.<br>Mit der Eingabe des Kennwortes erkl\u00e4rst Du Dich einverstanden, dass Du keine illegalen Aktivit\u00e4ten \u00fcber diesen Zugang t\u00e4tigen wirst wie z.B. illegale Downloads, &#8222;farming&#8220;, &#8222;spamming&#8220; o.\u00e4. Auch, dass Du niemanden anderem den Internet-Zugang erm\u00f6glichst bzw. f\u00fcr dessen Aktivit\u00e4ten die Verantwortung \u00fcbernehmen wirst.<\/p>\n\n\n\n<p><strong>Heimkino\/ TV<\/strong><br><img loading=\"lazy\" decoding=\"async\" width=\"150\" height=\"153\" class=\"wp-image-832\" style=\"width: 150px;\" src=\"https:\/\/fewo-hh-schanze.de\/wp-content\/uploads\/2024\/06\/Fewo-Lindenallee-2024-15.jpeg\" alt=\"\" srcset=\"https:\/\/fewo-hh-schanze.de\/wp-content\/uploads\/2024\/06\/Fewo-Lindenallee-2024-15.jpeg 1223w, https:\/\/fewo-hh-schanze.de\/wp-content\/uploads\/2024\/06\/Fewo-Lindenallee-2024-15-295x300.jpeg 295w, https:\/\/fewo-hh-schanze.de\/wp-content\/uploads\/2024\/06\/Fewo-Lindenallee-2024-15-845x860.jpeg 845w, https:\/\/fewo-hh-schanze.de\/wp-content\/uploads\/2024\/06\/Fewo-Lindenallee-2024-15-768x781.jpeg 768w\" sizes=\"auto, (max-width: 150px) 100vw, 150px\" \/><\/p>\n\n\n\n<p>&#8230;bieten Ihnen der HD-Beamer. <br>(1) Der Beamer hat eine schwarze Bedienungsanleitung (auf dem Bild links) und geht erst an, <br>wenn der \u201eOn\u201c Knopf zweifach bet\u00e4tigt wurde. <br>(2) Mit der schwarzen Fernbedienung (Mitte im Bild) kannst Du PRIME-VIDEO, NETFLIX, YOUTUBE sowie 120 TV-Sender \u00fcber die WAIPU-App gratis (weitere Infos zum<a href=\"https:\/\/hilfe.waipu.de\/hc\/de\/categories\/200927235-waipu-tv-nutzen\"> WAIPU-TV<\/a>) ansehen. Wir bem\u00fchen uns, diesen Dienst gratis zur Verf\u00fcgung zu stellen. K\u00f6nnen aber keine Gew\u00e4hrleistung \u00fcbernehmen.<br>(3) Die <strong>Motorleinwand<\/strong> befindet sich beim Fenster und l\u00e4sst sich mit der wei\u00dfen Fernbedienung (rechts im Bild) runterfahren bzw. auch mit dem Schalter, der sich an der Wand links von der Fensterfront befindet. <br><br>Auf dem Smart-TV in der Nische stehen Ihnen dieselben M\u00f6glichkeiten zur Verf\u00fcgung. <br>Einzig Kaufinhalte sind durch einen Code gesch\u00fctzt.<\/p>\n\n\n\n<p><strong>Alexa<\/strong> (ist zurzeit au\u00dfer Betrieb&#8230; )<br><img loading=\"lazy\" decoding=\"async\" width=\"150\" height=\"200\" class=\"wp-image-605\" style=\"width: 150px;\" src=\"https:\/\/fewo-hh-schanze.de\/wp-content\/uploads\/2019\/08\/00100dPORTRAIT_00100_BURST20200701104630612_COVER.jpeg\" alt=\"\" srcset=\"https:\/\/fewo-hh-schanze.de\/wp-content\/uploads\/2019\/08\/00100dPORTRAIT_00100_BURST20200701104630612_COVER.jpeg 1800w, https:\/\/fewo-hh-schanze.de\/wp-content\/uploads\/2019\/08\/00100dPORTRAIT_00100_BURST20200701104630612_COVER-225x300.jpeg 225w, https:\/\/fewo-hh-schanze.de\/wp-content\/uploads\/2019\/08\/00100dPORTRAIT_00100_BURST20200701104630612_COVER-768x1024.jpeg 768w, https:\/\/fewo-hh-schanze.de\/wp-content\/uploads\/2019\/08\/00100dPORTRAIT_00100_BURST20200701104630612_COVER-1152x1536.jpeg 1152w, https:\/\/fewo-hh-schanze.de\/wp-content\/uploads\/2019\/08\/00100dPORTRAIT_00100_BURST20200701104630612_COVER-1536x2048.jpeg 1536w\" sizes=\"auto, (max-width: 150px) 100vw, 150px\" \/><\/p>\n\n\n\n<p>h\u00f6rt auf den Namen &#8222;Computer&#8220; und befindet sich als wei\u00dfer Lautsprecher auf dem Apothekerschrank.<br>Standardm\u00e4ssig ist sie mit Spotify ausgestattet und kann Musik wiedergeben, als Timer funktionieren, als Wecker. Falls Sie Ihnen auf den Wecker geht, einfach Stecker ziehen. Im Keller finden Sie eine weitere Alexa getarnt als EULE f\u00fcr Kinder. Sagen Sie einfach so was wie &#8222;Computer, spiele Einschlafgeschichte f\u00fcr Kinder&#8220; oder &#8222;Computer, stelle den Wecker auf 10 Uhr&#8220;.<br>Weitere Tipps finden Sie <a href=\"https:\/\/praxistipps.chip.de\/wie-funktioniert-alexa-einfach-erklaert_97318\">hier im Netz <\/a> (Computerbild)<\/p>\n\n\n\n<p><strong>Strom aus?<\/strong> <strong>Sicherung rausgesprungen?<br><\/strong><img loading=\"lazy\" decoding=\"async\" width=\"150\" height=\"258\" class=\"wp-image-824\" style=\"width: 150px;\" src=\"https:\/\/fewo-hh-schanze.de\/wp-content\/uploads\/2024\/06\/Fewo-Lindenallee-2024-7.jpeg\" alt=\"\" srcset=\"https:\/\/fewo-hh-schanze.de\/wp-content\/uploads\/2024\/06\/Fewo-Lindenallee-2024-7.jpeg 731w, https:\/\/fewo-hh-schanze.de\/wp-content\/uploads\/2024\/06\/Fewo-Lindenallee-2024-7-174x300.jpeg 174w, https:\/\/fewo-hh-schanze.de\/wp-content\/uploads\/2024\/06\/Fewo-Lindenallee-2024-7-595x1024.jpeg 595w\" sizes=\"auto, (max-width: 150px) 100vw, 150px\" \/>   <img loading=\"lazy\" decoding=\"async\" width=\"150\" height=\"200\" class=\"wp-image-825\" style=\"width: 150px;\" src=\"https:\/\/fewo-hh-schanze.de\/wp-content\/uploads\/2024\/06\/Fewo-Lindenallee-2024-8.jpeg\" alt=\"\" srcset=\"https:\/\/fewo-hh-schanze.de\/wp-content\/uploads\/2024\/06\/Fewo-Lindenallee-2024-8.jpeg 1280w, https:\/\/fewo-hh-schanze.de\/wp-content\/uploads\/2024\/06\/Fewo-Lindenallee-2024-8-225x300.jpeg 225w, https:\/\/fewo-hh-schanze.de\/wp-content\/uploads\/2024\/06\/Fewo-Lindenallee-2024-8-768x1024.jpeg 768w, https:\/\/fewo-hh-schanze.de\/wp-content\/uploads\/2024\/06\/Fewo-Lindenallee-2024-8-1152x1536.jpeg 1152w\" sizes=\"auto, (max-width: 150px) 100vw, 150px\" \/><\/p>\n\n\n\n<p>Der graue Sicherungskasten f\u00fcr die Wohnung befindet sich im oberen Schlafzimmer hinter der T\u00fcr und ist mit Springsicherungen ausgestattet. Bitte sei vorsichtig (Schutzhandschuhe). Sollte eine nach unten gesprungene Sicherung durch hochschalten erneut rausspringen, so liegt i.d.R. ein gr\u00f6\u00dferer Schaden vor. Setze Dich dann mit uns dann in Verbindung, damit wir handeln k\u00f6nnen.<\/p>\n\n\n\n<p><strong>Diebstahlschutz\/ Nachhaltigkeit:<\/strong><br>Immer wenn Du die Wohnung verl\u00e4sst, bitte alle <strong>Lichter ausschalten<\/strong> sowie die <strong>T\u00fcren und Fenster\u00a0schlie\u00dfen<\/strong>. Grade die Fenster zur Stra\u00dfe hin, bei Abwesenheit NICHT auf Kipp lassen.<\/p>\n\n\n\n<p><strong>Abreise<\/strong>\/ <strong>Reinigung<\/strong><br>Am <strong>Abreisetag<\/strong> solltest Du das Apartment bis <strong>11.00 Uhr verlassen<\/strong> haben.<\/p>\n\n\n\n<p>Bitte denke daran, dass unsere Putzfrau die Grundreinigung \u00fcbernimmt, Du jedoch die Wohnung besenrein sauber hinterlassen musst. <br>Falls etwas <strong>kaputt<\/strong> gegangen ist, <strong>teile<\/strong> uns das bitte <strong>sofort mit<\/strong>, damit es (auf Deine Kosten) repariert\/ bzw. ersetzt werden kann. Grunds\u00e4tzlich sollte die Wohnung so aussehen wie Du diese vorgefunden hast. Die benutzen<strong> Handt\u00fccher<\/strong> zum Ende Deines Aufenthaltes bitte in <strong>die Badewanne<\/strong> legen. <br>Die Betten abziehen und die <strong>Bez\u00fcge<\/strong> auch in die <strong>Badewanne<\/strong> neben die Handt\u00fccher legen. Die M\u00fcllbeutel getrennt nach Verpackungsm\u00fcll, Papier, Flaschen sowie Restm\u00fcll auf der Terrasse in der Sitzbank abstellen \u2013 bis auf Flaschen, die geh\u00f6ren in den Glascontainer bzw. Pfandflaschen zur\u00fcckgeben.<br>Es gibt keinen Schl\u00fcssel zum M\u00fcllkeller, sondern unser Putzteam \u00fcbernimmt die Entsorgung.<\/p>\n\n\n\n<p>Die beiden Schl\u00fcssel lege bitte auf den Esstisch (im Wohnzimmer). Denke daran, auch die Terrassent\u00fcr abzuschlie\u00dfen und die Fenster zu schlie\u00dfen. In der Regel kannst Du Deine Koffer noch bis ca. 14 Uhr auf die Fenstersitzbank abstellen, w\u00e4hrend die Wohnung schon gereinigt wird.<\/p>\n\n\n\n<p>Wenn die Wohnung sauber ist, kannst Du die Haust\u00fcr einfach zuziehen und uns eine kurze SMS senden (0179-5154988), dass Du weg bist.<\/p>\n\n\n\n<p>Falls es Dir bei uns gefallen hat, freuen wir uns \u00fcber eine DIREKTBUCHUNG bei uns, so dass wir beide Vermittlungsgeb\u00fchren sparen k\u00f6nnen.<\/p>\n","protected":false},"excerpt":{"rendered":"<p>Auf dieser Seite haben wir Infos rund um die Bedienung der technischen Ger\u00e4te aufgelistet, die Deinen Aufenthalt einfacher machen sollen: (Vor-)Anreise\/ Koffer abstellenDie Wohnung ist am Anreisetag ab 17 Uhr zu beziehen. Falls Du vorher schon Deine Koffer reinstellen m\u00f6chtest,<\/p>\n","protected":false},"author":1,"featured_media":0,"parent":0,"menu_order":0,"comment_status":"closed","ping_status":"closed","template":"","meta":{"footnotes":""},"class_list":["post-741","page","type-page","status-publish","hentry"],"_links":{"self":[{"href":"https:\/\/fewo-hh-schanze.de\/index.php?rest_route=\/wp\/v2\/pages\/741","targetHints":{"allow":["GET"]}}],"collection":[{"href":"https:\/\/fewo-hh-schanze.de\/index.php?rest_route=\/wp\/v2\/pages"}],"about":[{"href":"https:\/\/fewo-hh-schanze.de\/index.php?rest_route=\/wp\/v2\/types\/page"}],"author":[{"embeddable":true,"href":"https:\/\/fewo-hh-schanze.de\/index.php?rest_route=\/wp\/v2\/users\/1"}],"replies":[{"embeddable":true,"href":"https:\/\/fewo-hh-schanze.de\/index.php?rest_route=%2Fwp%2Fv2%2Fcomments&post=741"}],"version-history":[{"count":13,"href":"https:\/\/fewo-hh-schanze.de\/index.php?rest_route=\/wp\/v2\/pages\/741\/revisions"}],"predecessor-version":[{"id":1003,"href":"https:\/\/fewo-hh-schanze.de\/index.php?rest_route=\/wp\/v2\/pages\/741\/revisions\/1003"}],"wp:attachment":[{"href":"https:\/\/fewo-hh-schanze.de\/index.php?rest_route=%2Fwp%2Fv2%2Fmedia&parent=741"}],"curies":[{"name":"wp","href":"https:\/\/api.w.org\/{rel}","templated":true}]}}