{"id":66,"date":"2017-04-26T12:57:35","date_gmt":"2017-04-26T12:57:35","guid":{"rendered":"http:\/\/fewo-hh-schanze.de\/?page_id=66"},"modified":"2022-10-25T14:06:46","modified_gmt":"2022-10-25T12:06:46","slug":"impressum","status":"publish","type":"page","link":"https:\/\/fewo-hh-schanze.de\/?page_id=66","title":{"rendered":"Impressum"},"content":{"rendered":"<div>Impressum:<\/div>\n<div><\/div>\n<div>Jens Elling ist Hamburger Psychologe und Unternehmensberater f\u00fcr F\u00fchrungskr\u00e4fte und Teams.<\/div>\n<div>Weitere Infos: <a href=\"http:\/\/www.elling-consulting.de\">www.elling-consulting.de<\/a>, Lindenallee 31, 20259 Hamburg.<\/div>\n<div>Datenschutzbeauftragter ist Jens Elling.<\/div>\n<div><\/div>\n<div>Yana Elling\u00a0 ist Diplom-BWLerin mit internationalem MBA und betreut unsere Ferienwohnung.<\/div>\n<div><\/div>\n","protected":false},"excerpt":{"rendered":"<p>Impressum: Jens Elling ist Hamburger Psychologe und Unternehmensberater f\u00fcr F\u00fchrungskr\u00e4fte und Teams. Weitere Infos: www.elling-consulting.de, Lindenallee 31, 20259 Hamburg. Datenschutzbeauftragter ist Jens Elling. Yana Elling\u00a0 ist Diplom-BWLerin mit internationalem MBA und betreut unsere Ferienwohnung.<\/p>\n","protected":false},"author":1,"featured_media":0,"parent":0,"menu_order":0,"comment_status":"closed","ping_status":"closed","template":"","meta":{"footnotes":""},"class_list":["post-66","page","type-page","status-publish","hentry"],"_links":{"self":[{"href":"https:\/\/fewo-hh-schanze.de\/index.php?rest_route=\/wp\/v2\/pages\/66","targetHints":{"allow":["GET"]}}],"collection":[{"href":"https:\/\/fewo-hh-schanze.de\/index.php?rest_route=\/wp\/v2\/pages"}],"about":[{"href":"https:\/\/fewo-hh-schanze.de\/index.php?rest_route=\/wp\/v2\/types\/page"}],"author":[{"embeddable":true,"href":"https:\/\/fewo-hh-schanze.de\/index.php?rest_route=\/wp\/v2\/users\/1"}],"replies":[{"embeddable":true,"href":"https:\/\/fewo-hh-schanze.de\/index.php?rest_route=%2Fwp%2Fv2%2Fcomments&post=66"}],"version-history":[{"count":5,"href":"https:\/\/fewo-hh-schanze.de\/index.php?rest_route=\/wp\/v2\/pages\/66\/revisions"}],"predecessor-version":[{"id":596,"href":"https:\/\/fewo-hh-schanze.de\/index.php?rest_route=\/wp\/v2\/pages\/66\/revisions\/596"}],"wp:attachment":[{"href":"https:\/\/fewo-hh-schanze.de\/index.php?rest_route=%2Fwp%2Fv2%2Fmedia&parent=66"}],"curies":[{"name":"wp","href":"https:\/\/api.w.org\/{rel}","templated":true}]}}