{"id":272,"date":"2022-07-10T14:43:44","date_gmt":"2022-07-10T14:43:44","guid":{"rendered":"http:\/\/fewo-hh-schanze.de\/?page_id=272"},"modified":"2025-09-29T23:10:22","modified_gmt":"2025-09-29T21:10:22","slug":"buchungskalender-test","status":"publish","type":"page","link":"https:\/\/fewo-hh-schanze.de\/?page_id=272","title":{"rendered":"Direkt-Buchung &amp; Buchungskalender"},"content":{"rendered":"\n<pre class=\"wp-block-code\"><code>Buchen Sie gerne Direkt bei uns.\nBook directly and mind the open space in the calendar.<\/code><\/pre>\n\n\n\n<div id=\"apartmentIframeAll\">\n<script type=\"text\/javascript\" src=\"https:\/\/login.smoobu.com\/js\/Settings\/BookingToolIframe.js\"><\/script>\n<script>BookingToolIframe.initialize({\"url\": \"https:\/\/login.smoobu.com\/de\/booking-tool\/iframe\/1393431\", \"baseUrl\": \"https:\/\/login.smoobu.com\", \"target\": \"#apartmentIframeAll\"})<\/script>\n<\/div>\n\n\n\n<p>Mit der Anfrage akzeptieren Sie unsere folgenden Gesch\u00e4fts- und Stornobedingungen:<\/p>\n\n\n\n<p>Bis 1 Monat vorher stornierst du KOSTENFREI, danach bis 2 Wochen vorher m\u00fcsstet ihr 50% \u00fcberweisen und danach w\u00fcrden wir 100% berechnen. <br>Finden wir einen Ersatzmieter, erhaltet ihr 50% als GUTSCHEIN f\u00fcr eine Anmietung innerhalb der n\u00e4chsten 12 Monate.<br>Ein kostenfreier Parkplatz befindet sich in einem abschlie\u00dfbaren Innenhof ca. 100m entfernt von der Wohnung.<br>WLAN ist auch im Preis enthalten, wir garantieren jedoch nicht die 100% stabile Verbindung, da wir vom Internetanbieter abh\u00e4ngig sind.<br>Illegale Aktivit\u00e4ten im Internet sowie in der Wohnung sind strengstens verboten und werden zur Anzeige gebracht.<br>Des Weiteres beachtet und befolgt bitte die <a href=\"https:\/\/fewo-hh-schanze.de\/?page_id=741\" data-type=\"page\" data-id=\"741\">Hausordnung und Bedienungsanleitungen<\/a>, die Du mit der Buchung akzeptieren musst.<\/p>\n\n\n\n<p><\/p>\n","protected":false},"excerpt":{"rendered":"<p>Mit der Anfrage akzeptieren Sie unsere folgenden Gesch\u00e4fts- und Stornobedingungen: Bis 1 Monat vorher stornierst du KOSTENFREI, danach bis 2 Wochen vorher m\u00fcsstet ihr 50% \u00fcberweisen und danach w\u00fcrden wir 100% berechnen. Finden wir einen Ersatzmieter, erhaltet ihr 50% als<\/p>\n","protected":false},"author":1,"featured_media":829,"parent":0,"menu_order":0,"comment_status":"closed","ping_status":"closed","template":"","meta":{"footnotes":""},"class_list":["post-272","page","type-page","status-publish","has-post-thumbnail","hentry"],"_links":{"self":[{"href":"https:\/\/fewo-hh-schanze.de\/index.php?rest_route=\/wp\/v2\/pages\/272","targetHints":{"allow":["GET"]}}],"collection":[{"href":"https:\/\/fewo-hh-schanze.de\/index.php?rest_route=\/wp\/v2\/pages"}],"about":[{"href":"https:\/\/fewo-hh-schanze.de\/index.php?rest_route=\/wp\/v2\/types\/page"}],"author":[{"embeddable":true,"href":"https:\/\/fewo-hh-schanze.de\/index.php?rest_route=\/wp\/v2\/users\/1"}],"replies":[{"embeddable":true,"href":"https:\/\/fewo-hh-schanze.de\/index.php?rest_route=%2Fwp%2Fv2%2Fcomments&post=272"}],"version-history":[{"count":16,"href":"https:\/\/fewo-hh-schanze.de\/index.php?rest_route=\/wp\/v2\/pages\/272\/revisions"}],"predecessor-version":[{"id":1027,"href":"https:\/\/fewo-hh-schanze.de\/index.php?rest_route=\/wp\/v2\/pages\/272\/revisions\/1027"}],"wp:featuredmedia":[{"embeddable":true,"href":"https:\/\/fewo-hh-schanze.de\/index.php?rest_route=\/wp\/v2\/media\/829"}],"wp:attachment":[{"href":"https:\/\/fewo-hh-schanze.de\/index.php?rest_route=%2Fwp%2Fv2%2Fmedia&parent=272"}],"curies":[{"name":"wp","href":"https:\/\/api.w.org\/{rel}","templated":true}]}}